{"id":784,"date":"2023-10-18T11:17:59","date_gmt":"2023-10-18T11:17:59","guid":{"rendered":"https:\/\/flowartink.com\/my-account-2\/"},"modified":"2024-06-07T12:46:41","modified_gmt":"2024-06-07T12:46:41","slug":"minha-conta","status":"publish","type":"page","link":"https:\/\/flowartink.com\/pt-pt\/minha-conta\/","title":{"rendered":"Minha conta"},"content":{"rendered":"\t\t<div data-elementor-type=\"wp-page\" data-elementor-id=\"784\" class=\"elementor elementor-784 elementor-9\" data-elementor-post-type=\"page\">\n\t\t\t\t<div data-particle_enable=\"false\" data-particle-mobile-disabled=\"false\" class=\"elementor-element elementor-element-43f6bb6 e-flex e-con-boxed e-con e-parent\" data-id=\"43f6bb6\" data-element_type=\"container\">\n\t\t\t\t\t<div class=\"e-con-inner\">\n\t\t<div data-particle_enable=\"false\" data-particle-mobile-disabled=\"false\" class=\"elementor-element elementor-element-8be3441 e-grid jedv-enabled--yes e-con-boxed e-con e-child\" data-id=\"8be3441\" data-element_type=\"container\">\n\t\t\t\t\t<div class=\"e-con-inner\">\n\t\t\t\t<div class=\"elementor-element elementor-element-c1730d3 elementor-widget elementor-widget-jet-form-builder-form\" data-id=\"c1730d3\" data-element_type=\"widget\" data-widget_type=\"jet-form-builder-form.default\">\n\t\t\t\t<div class=\"elementor-widget-container\">\n\t\t\t<link rel='stylesheet' id='wp-block-library-css' href='https:\/\/flowartink.com\/wp-includes\/css\/dist\/block-library\/style.min.css?ver=6.9.4' media='all' \/>\n<style id=\"jet-form-builder-2408-inline-css\"><\/style><form  class=\"jet-form-builder layout-column submit-type-reload\" action=\"https:\/\/flowartink.com\/pt-pt\/wp-json\/wp\/v2\/pages\/784\/?jet_form_builder_submit=submit&amp;method=reload\" method=\"POST\" data-form-id=\"2408\" data-layout=\"column\" enctype=\"multipart\/form-data\" novalidate=\"null\">\r\n<input type=\"hidden\" name=\"_jfb_current_render_states[]\" value=\"DEFAULT.STATE\" data-jfb-sync \/><input type=\"hidden\" class=\"jet-form-builder__field hidden-field\" name=\"_jet_engine_booking_form_id\" data-field-name=\"_jet_engine_booking_form_id\" value=\"2408\">\n<input type=\"hidden\" class=\"jet-form-builder__field hidden-field\" name=\"_jet_engine_refer\" data-field-name=\"_jet_engine_refer\" value=\"https:\/\/flowartink.com\/pt-pt\/wp-json\/wp\/v2\/pages\/784\/\">\n<input type=\"hidden\" class=\"jet-form-builder__field hidden-field\" name=\"__queried_post_id\" data-field-name=\"__queried_post_id\" value=\"784\">\n<div class=\"jet-form-builder__conditional \" data-jfb-conditional=\"[{&quot;operator&quot;:&quot;render_state&quot;,&quot;render_state&quot;:[&quot;DEFAULT.STATE&quot;]}]\" data-jfb-func=\"show\">\n\n<h2 class=\"wp-block-heading head-login\">Iniciar sess\u00e3o na sua conta<\/h2>\n\n\n<div  data-value=\"[{&quot;id&quot;:4999,&quot;conditions&quot;:[{&quot;__visible&quot;:true,&quot;value&quot;:&quot;&quot;}],&quot;to_set&quot;:&quot;&quot;}]\" class=\"jet-form-builder-row field-type-text-field\" >\n<div class=\"jet-form-builder__label\">\r\n<div class=\"jet-form-builder__label-text\">e-mail <span class=\"jet-form-builder__required\">*<\/span><\/div><\/div><div class=\"jet-form-builder__field-wrap\">\n\t\t\t\t<input placeholder=\"Enter your e-mail\" required=\"required\" name=\"e_mail\" id=\"e_mail\" type=\"email\" data-field-name=\"e_mail\" class=\"jet-form-builder__field text-field\" data-jfb-sync=\"null\">\n\t\t\t\t\t<\/div>\n<\/div>\n\n<div  class=\"jet-form-builder-row field-type-text-field\" >\n<div class=\"jet-form-builder__label\">\r\n<div class=\"jet-form-builder__label-text\">SENHA <span class=\"jet-form-builder__required\">*<\/span><\/div><\/div><div class=\"jet-form-builder__field-wrap\">\n\t\t\t\t<input placeholder=\"Enter your password\" required=\"required\" name=\"password\" id=\"password\" type=\"password\" data-field-name=\"password\" class=\"jet-form-builder__field text-field\" data-jfb-sync=\"null\">\n\t\t\t\t\t<\/div>\n<\/div>\n\n\n<div class=\"wp-block-group is-content-justification-space-between is-nowrap is-layout-flex wp-container-core-group-is-layout-d4690257 wp-block-group-is-layout-flex\"><div  class=\"jet-form-builder-row field-type-checkbox-field\" >\n<div class=\"jet-form-builder__fields-group checkradio-wrap\" data-jfb-sync><div class=\"jet-form-builder__field-wrap checkboxes-wrap checkradio-wrap\"><label class=\"jet-form-builder__field-label for-checkbox\">\n<input type=\"checkbox\" name=\"remember_me\" value=\"1\" data-field-name=\"remember_me\"  class=\"jet-form-builder__field checkboxes-field checkradio-field\"><span>Manter sess\u00e3o<\/span><\/label><\/div><\/div>\n<\/div>\n\n<div  class=\"jet-form-builder-row field-type-submit-field\" >\n\t<div data-type=\"switch-state\" class=\"jet-form-builder__action-button-wrapper\">\n\t<button class=\"jet-form-builder__action-button sem-borda jet-form-builder__button-switch-state\" type=\"button\" data-switch-on=\"[&quot;DEFAULT.STATE.2&quot;]\" data-jfb-conditional=\"[{&quot;operator&quot;:&quot;render_state&quot;,&quot;render_state&quot;:[&quot;DEFAULT.STATE.2&quot;]}]\" data-jfb-func=\"{&quot;setCssClass&quot;:{&quot;className&quot;:&quot;has-active-state&quot;}}\">Perdeu a sua senha?<\/button>\n\t<\/div>\n\t\n<\/div><\/div>\n\n\n<input type=\"hidden\" class=\"captcha-token\" name=\"_captcha_token\" value=\"\"\/><div  class=\"jet-form-builder-row field-type-submit-field\" >\n\t<div data-type=\"submit\" class=\"jet-form-builder__action-button-wrapper jet-form-builder__submit-wrap\">\n\t<button class=\"jet-form-builder__action-button no-border jet-form-builder__submit submit-type-reload\" type=\"submit\">Iniciar sess\u00e3o<\/button>\n\t<\/div>\n\t\n<\/div>\n\n\n<h3 class=\"wp-block-heading head-l\">N\u00e3o tem uma conta?<\/h3>\n\n\n<div  class=\"jet-form-builder-row field-type-submit-field\" >\n\t<div data-type=\"switch-state\" class=\"jet-form-builder__action-button-wrapper\">\n\t<button class=\"jet-form-builder__action-button sing-up jet-form-builder__button-switch-state\" type=\"button\" data-switch-on=\"[&quot;DEFAULT.STATE.3&quot;]\" data-jfb-conditional=\"[{&quot;operator&quot;:&quot;render_state&quot;,&quot;render_state&quot;:[&quot;DEFAULT.STATE.3&quot;]}]\" data-jfb-func=\"{&quot;setCssClass&quot;:{&quot;className&quot;:&quot;has-active-state&quot;}}\">REGISTAR-ME<\/button>\n\t<\/div>\n\t\n<\/div>\n<\/div>\n\n<div class=\"jet-form-builder__conditional \" data-jfb-conditional=\"[{&quot;operator&quot;:&quot;render_state&quot;,&quot;render_state&quot;:[&quot;DEFAULT.STATE.2&quot;,&quot;RESET.PASSWORD&quot;]}]\" data-jfb-func=\"show\">\n\n<h2 class=\"wp-block-heading head-login\">Redefinir senha<\/h2>\n\n\n\n<div  class=\"jet-form-builder-row field-type-text-field\" >\n<div class=\"jet-form-builder__label\">\r\n<div class=\"jet-form-builder__label-text\">Usu\u00e1rio\/E-mail<\/div><\/div><div class=\"jet-form-builder__field-wrap\">\n\t\t\t\t<input name=\"user_login_or_email\" id=\"user_login_or_email\" type=\"text\" data-field-name=\"user_login_or_email\" class=\"jet-form-builder__field text-field\" data-jfb-sync=\"null\">\n\t\t\t\t\t<\/div>\n<\/div>\n\n\n\n<div  class=\"jet-form-builder-row field-type-submit-field\" >\n\t<div data-type=\"submit\" class=\"jet-form-builder__action-button-wrapper jet-form-builder__submit-wrap\">\n\t<button class=\"jet-form-builder__action-button no-border jet-form-builder__submit submit-type-reload\" type=\"submit\">Redefinir senha<\/button>\n\t<\/div>\n\t\n<\/div>\n\n\n<div  class=\"jet-form-builder-row field-type-submit-field\" >\n\t<div data-type=\"switch-state\" class=\"jet-form-builder__action-button-wrapper\">\n\t<button class=\"jet-form-builder__action-button sem-borda jet-form-builder__button-switch-state has-active-state\" type=\"button\" data-switch-on=\"[&quot;DEFAULT.STATE&quot;]\" data-jfb-conditional=\"[{&quot;operator&quot;:&quot;render_state&quot;,&quot;render_state&quot;:[&quot;DEFAULT.STATE&quot;]}]\" data-jfb-func=\"{&quot;setCssClass&quot;:{&quot;className&quot;:&quot;has-active-state&quot;}}\">Voltar ao login<\/button>\n\t<\/div>\n\t\n<\/div>\n<\/div>\n\n<div class=\"jet-form-builder__conditional \" data-jfb-conditional=\"[{&quot;operator&quot;:&quot;render_state&quot;,&quot;render_state&quot;:[&quot;DEFAULT.STATE.3&quot;]}]\" data-jfb-func=\"show\">\n\n<h2 class=\"wp-block-heading head-login\">Criar uma conta<\/h2>\n\n\n\n<div class=\"wp-block-columns is-layout-flex wp-container-core-columns-is-layout-9d6595d7 wp-block-columns-is-layout-flex\">\n<div class=\"wp-block-column is-layout-flow wp-block-column-is-layout-flow\"><div  class=\"jet-form-builder-row field-type-text-field\" >\n<div class=\"jet-form-builder__label\">\r\n<div class=\"jet-form-builder__label-text\">Nome <span class=\"jet-form-builder__required\">*<\/span><\/div><\/div><div class=\"jet-form-builder__field-wrap\">\n\t\t\t\t<input required=\"required\" name=\"name\" id=\"name\" type=\"text\" data-field-name=\"name\" class=\"jet-form-builder__field text-field\" data-jfb-sync=\"null\">\n\t\t\t\t\t<\/div>\n<\/div>\n\n<div  class=\"jet-form-builder-row field-type-text-field\" >\n<div class=\"jet-form-builder__label\">\r\n<div class=\"jet-form-builder__label-text\">E-mail <span class=\"jet-form-builder__required\">*<\/span><\/div><\/div><div class=\"jet-form-builder__field-wrap\">\n\t\t\t\t<input required=\"required\" name=\"e-mail\" id=\"e-mail\" type=\"email\" data-field-name=\"e-mail\" class=\"jet-form-builder__field text-field\" data-jfb-sync=\"null\">\n\t\t\t\t\t<\/div>\n<\/div>\n\n<div  class=\"jet-form-builder-row field-type-text-field\" >\n<div class=\"jet-form-builder__label\">\r\n<div class=\"jet-form-builder__label-text\">Senha <span class=\"jet-form-builder__required\">*<\/span><\/div><\/div><div class=\"jet-form-builder__field-wrap\">\n\t\t\t\t<input required=\"required\" name=\"password2\" id=\"password2\" type=\"password\" data-field-name=\"password2\" class=\"jet-form-builder__field text-field\" data-jfb-sync=\"null\">\n\t\t\t\t\t<\/div>\n<\/div>\n\n<div  class=\"jet-form-builder-row field-type-text-field\" >\n<div class=\"jet-form-builder__label\">\r\n<div class=\"jet-form-builder__label-text\">Confirmar Senha <span class=\"jet-form-builder__required\">*<\/span><\/div><\/div><div class=\"jet-form-builder__field-wrap\">\n\t\t\t\t<input required=\"required\" name=\"confirm-password\" id=\"confirm-password\" type=\"password\" data-field-name=\"confirm-password\" class=\"jet-form-builder__field text-field\" data-jfb-sync=\"null\">\n\t\t\t\t\t<\/div>\n<\/div>\n\n<input type=\"hidden\" class=\"captcha-token\" name=\"_captcha_token\" value=\"\"\/><div  class=\"jet-form-builder-row field-type-submit-field\" >\n\t<div data-type=\"submit\" class=\"jet-form-builder__action-button-wrapper jet-form-builder__submit-wrap\">\n\t<button class=\"jet-form-builder__action-button no-border jet-form-builder__submit submit-type-reload\" type=\"submit\">Registar-me<\/button>\n\t<\/div>\n\t\n<\/div>\n\n<div  class=\"jet-form-builder-row field-type-submit-field\" >\n\t<div data-type=\"switch-state\" class=\"jet-form-builder__action-button-wrapper\">\n\t<button class=\"jet-form-builder__action-button sem-borda jet-form-builder__button-switch-state has-active-state\" type=\"button\" data-switch-on=\"[&quot;DEFAULT.STATE&quot;]\" data-jfb-conditional=\"[{&quot;operator&quot;:&quot;render_state&quot;,&quot;render_state&quot;:[&quot;DEFAULT.STATE&quot;]}]\" data-jfb-func=\"{&quot;setCssClass&quot;:{&quot;className&quot;:&quot;has-active-state&quot;}}\">Voltar ao login<\/button>\n\t<\/div>\n\t\n<\/div><\/div>\n<\/div>\n\n<\/div>\t<div class=\"jet-form-builder-messages-wrap\" data-form-id=\"2408\"><\/div>\n<\/form>\n\t\t<\/div>\n\t\t\t\t<\/div>\n\t\t\t\t<div class=\"elementor-element elementor-element-06da5da elementor-widget elementor-widget-image\" data-id=\"06da5da\" data-element_type=\"widget\" data-widget_type=\"image.default\">\n\t\t\t\t<div class=\"elementor-widget-container\">\n\t\t\t<style>\/*! elementor - v3.21.0 - 20-05-2024 *\/\n.elementor-widget-image{text-align:center}.elementor-widget-image a{display:inline-block}.elementor-widget-image a img[src$=\".svg\"]{width:48px}.elementor-widget-image img{vertical-align:middle;display:inline-block}<\/style>\t\t\t\t\t\t\t\t\t\t<img fetchpriority=\"high\" decoding=\"async\" width=\"1707\" height=\"2560\" src=\"https:\/\/flowartink.com\/wp-content\/uploads\/2024\/04\/IMGL2539-1-scaled-1.jpg\" class=\"attachment-full size-full wp-image-1670\" alt=\"\" srcset=\"https:\/\/flowartink.com\/wp-content\/uploads\/2024\/04\/IMGL2539-1-scaled-1.jpg 1707w, https:\/\/flowartink.com\/wp-content\/uploads\/2024\/04\/IMGL2539-1-scaled-1-200x300.jpg 200w, https:\/\/flowartink.com\/wp-content\/uploads\/2024\/04\/IMGL2539-1-scaled-1-683x1024.jpg 683w, https:\/\/flowartink.com\/wp-content\/uploads\/2024\/04\/IMGL2539-1-scaled-1-768x1152.jpg 768w, https:\/\/flowartink.com\/wp-content\/uploads\/2024\/04\/IMGL2539-1-scaled-1-1024x1536.jpg 1024w, https:\/\/flowartink.com\/wp-content\/uploads\/2024\/04\/IMGL2539-1-scaled-1-1366x2048.jpg 1366w, https:\/\/flowartink.com\/wp-content\/uploads\/2024\/04\/IMGL2539-1-scaled-1-600x900.jpg 600w\" sizes=\"(max-width: 1707px) 100vw, 1707px\" \/>\t\t\t\t\t\t\t\t\t\t\t\t\t<\/div>\n\t\t\t\t<\/div>\n\t\t\t\t\t<\/div>\n\t\t\t\t<\/div>\n\t\t\t\t\t<\/div>\n\t\t\t\t<\/div>\n\t\t\t\t<\/div>\n\t\t","protected":false},"excerpt":{"rendered":"<p>Painel Encomendas Endere\u00e7os Detalhes Lista de desejos Sair Iniciar sess\u00e3o na sua conta e-mail * SENHA * Manter sess\u00e3o Perdeu a sua senha? Iniciar sess\u00e3o N\u00e3o tem uma conta? REGISTAR-ME Redefinir senha Usu\u00e1rio\/E-mail Redefinir senha Voltar ao login Criar uma conta Nome * E-mail * Senha * Confirmar Senha * Registar-me Voltar ao login<\/p>\n","protected":false},"author":1,"featured_media":0,"parent":0,"menu_order":0,"comment_status":"closed","ping_status":"closed","template":"elementor_header_footer","meta":{"footnotes":""},"class_list":["post-784","page","type-page","status-publish","hentry"],"_links":{"self":[{"href":"https:\/\/flowartink.com\/pt-pt\/wp-json\/wp\/v2\/pages\/784","targetHints":{"allow":["GET"]}}],"collection":[{"href":"https:\/\/flowartink.com\/pt-pt\/wp-json\/wp\/v2\/pages"}],"about":[{"href":"https:\/\/flowartink.com\/pt-pt\/wp-json\/wp\/v2\/types\/page"}],"author":[{"embeddable":true,"href":"https:\/\/flowartink.com\/pt-pt\/wp-json\/wp\/v2\/users\/1"}],"replies":[{"embeddable":true,"href":"https:\/\/flowartink.com\/pt-pt\/wp-json\/wp\/v2\/comments?post=784"}],"version-history":[{"count":18,"href":"https:\/\/flowartink.com\/pt-pt\/wp-json\/wp\/v2\/pages\/784\/revisions"}],"predecessor-version":[{"id":2438,"href":"https:\/\/flowartink.com\/pt-pt\/wp-json\/wp\/v2\/pages\/784\/revisions\/2438"}],"wp:attachment":[{"href":"https:\/\/flowartink.com\/pt-pt\/wp-json\/wp\/v2\/media?parent=784"}],"curies":[{"name":"wp","href":"https:\/\/api.w.org\/{rel}","templated":true}]}}