{"id":820,"date":"2024-02-13T12:03:09","date_gmt":"2024-02-13T12:03:09","guid":{"rendered":"https:\/\/flowartink.com\/politica-de-reembolsos-e-devolucoes\/"},"modified":"2024-06-03T20:04:14","modified_gmt":"2024-06-03T20:04:14","slug":"politica-de-reembolsos-e-devolucoes","status":"publish","type":"page","link":"https:\/\/flowartink.com\/pt-pt\/politica-de-reembolsos-e-devolucoes\/","title":{"rendered":"Pol\u00edtica de Reembolsos e Devolu\u00e7\u00f5es"},"content":{"rendered":"\t\t<div data-elementor-type=\"wp-page\" data-elementor-id=\"820\" class=\"elementor elementor-820 elementor-10\" data-elementor-post-type=\"page\">\n\t\t\t\t<div data-particle_enable=\"false\" data-particle-mobile-disabled=\"false\" class=\"elementor-element elementor-element-2ef5a3f e-flex e-con-boxed e-con e-parent\" data-id=\"2ef5a3f\" data-element_type=\"container\">\n\t\t\t\t\t<div class=\"e-con-inner\">\n\t\t\t\t<div class=\"elementor-element elementor-element-233764c elementor-widget elementor-widget-heading\" data-id=\"233764c\" data-element_type=\"widget\" data-widget_type=\"heading.default\">\n\t\t\t\t<div class=\"elementor-widget-container\">\n\t\t\t<style>\/*! elementor - v3.21.0 - 20-05-2024 *\/\n.elementor-heading-title{padding:0;margin:0;line-height:1}.elementor-widget-heading .elementor-heading-title[class*=elementor-size-]>a{color:inherit;font-size:inherit;line-height:inherit}.elementor-widget-heading .elementor-heading-title.elementor-size-small{font-size:15px}.elementor-widget-heading .elementor-heading-title.elementor-size-medium{font-size:19px}.elementor-widget-heading .elementor-heading-title.elementor-size-large{font-size:29px}.elementor-widget-heading .elementor-heading-title.elementor-size-xl{font-size:39px}.elementor-widget-heading .elementor-heading-title.elementor-size-xxl{font-size:59px}<\/style><h1 class=\"elementor-heading-title elementor-size-default\">Pol\u00edtica de Reembolsos e Devolu\u00e7\u00f5es<\/h1>\t\t<\/div>\n\t\t\t\t<\/div>\n\t\t\t\t<div class=\"elementor-element elementor-element-2d91ec4 elementor-widget elementor-widget-text-editor\" data-id=\"2d91ec4\" data-element_type=\"widget\" data-widget_type=\"text-editor.default\">\n\t\t\t\t<div class=\"elementor-widget-container\">\n\t\t\t<style>\/*! elementor - v3.21.0 - 20-05-2024 *\/\n.elementor-widget-text-editor.elementor-drop-cap-view-stacked .elementor-drop-cap{background-color:#69727d;color:#fff}.elementor-widget-text-editor.elementor-drop-cap-view-framed .elementor-drop-cap{color:#69727d;border:3px solid;background-color:transparent}.elementor-widget-text-editor:not(.elementor-drop-cap-view-default) .elementor-drop-cap{margin-top:8px}.elementor-widget-text-editor:not(.elementor-drop-cap-view-default) .elementor-drop-cap-letter{width:1em;height:1em}.elementor-widget-text-editor .elementor-drop-cap{float:left;text-align:center;line-height:1;font-size:50px}.elementor-widget-text-editor .elementor-drop-cap-letter{display:inline-block}<\/style>\t\t\t\t<p>Por favor, note no in\u00edcio da nossa pol\u00edtica de devolu\u00e7\u00e3o\/troca que a Flow Art Ink n\u00e3o fornece reembolsos em dinheiro. Em vez disso, emitimos um Voucher Flow.Art.Ink equivalente ao valor do(s) produto(s) devolvido(s), que pode ser utilizado no prazo de 6 meses. Esta pol\u00edtica garante que podemos oferecer flexibilidade, mantendo o nosso compromisso com a qualidade e a satisfa\u00e7\u00e3o do cliente.<\/p>\n<p>Pol\u00edtica de devolu\u00e7\u00e3o de 14 dias: Se voc\u00ea deseja devolver um produto comprado on-line em flow.art.ink, voc\u00ea tem 14 dias a partir da data da compra para faz\u00ea-lo. Para iniciar uma devolu\u00e7\u00e3o, entre em contato conosco via e-mail hello@flowartink.com. Ao contactar-nos, inclua o n\u00famero da fatura, a data de compra e a refer\u00eancia do produto que pretende devolver.<\/p>\n<p>Condi\u00e7\u00f5es dos Bens para Devolu\u00e7\u00e3o\/Troca: Aceitamos devolu\u00e7\u00f5es e trocas apenas por artigos que se encontrem no seu estado original, sem uso, e com todas as etiquetas originais anexadas.<\/p>\n<p>Custos de envio e responsabilidade: Os clientes s\u00e3o respons\u00e1veis por todos os custos de envio associados \u00e0 devolu\u00e7\u00e3o ou troca de artigos. A Flow Art Ink n\u00e3o se responsabiliza por quaisquer itens perdidos em tr\u00e2nsito durante o processo de devolu\u00e7\u00e3o. No entanto, cobriremos os custos de envio se a devolu\u00e7\u00e3o ou troca se dever a um erro da nossa parte.<\/p>\n<p><strong>Itens perdidos: No caso de os itens serem perdidos durante o envio de volta para n\u00f3s, n\u00e3o podemos processar uma devolu\u00e7\u00e3o ou troca.<\/strong><\/p>\t\t\t\t\t\t<\/div>\n\t\t\t\t<\/div>\n\t\t\t\t\t<\/div>\n\t\t\t\t<\/div>\n\t\t\t\t<\/div>\n\t\t","protected":false},"excerpt":{"rendered":"<p>Pol\u00edtica de Reembolsos e Devolu\u00e7\u00f5es Por favor, note no in\u00edcio da nossa pol\u00edtica de devolu\u00e7\u00e3o\/troca que a Flow Art Ink n\u00e3o fornece reembolsos em dinheiro. Em vez disso, emitimos um Voucher Flow.Art.Ink equivalente ao valor do(s) produto(s) devolvido(s), que pode ser utilizado no prazo de 6 meses. Esta pol\u00edtica garante que podemos oferecer flexibilidade, mantendo [&hellip;]<\/p>\n","protected":false},"author":1,"featured_media":0,"parent":0,"menu_order":0,"comment_status":"closed","ping_status":"closed","template":"elementor_header_footer","meta":{"footnotes":""},"class_list":["post-820","page","type-page","status-publish","hentry"],"_links":{"self":[{"href":"https:\/\/flowartink.com\/pt-pt\/wp-json\/wp\/v2\/pages\/820","targetHints":{"allow":["GET"]}}],"collection":[{"href":"https:\/\/flowartink.com\/pt-pt\/wp-json\/wp\/v2\/pages"}],"about":[{"href":"https:\/\/flowartink.com\/pt-pt\/wp-json\/wp\/v2\/types\/page"}],"author":[{"embeddable":true,"href":"https:\/\/flowartink.com\/pt-pt\/wp-json\/wp\/v2\/users\/1"}],"replies":[{"embeddable":true,"href":"https:\/\/flowartink.com\/pt-pt\/wp-json\/wp\/v2\/comments?post=820"}],"version-history":[{"count":3,"href":"https:\/\/flowartink.com\/pt-pt\/wp-json\/wp\/v2\/pages\/820\/revisions"}],"predecessor-version":[{"id":2328,"href":"https:\/\/flowartink.com\/pt-pt\/wp-json\/wp\/v2\/pages\/820\/revisions\/2328"}],"wp:attachment":[{"href":"https:\/\/flowartink.com\/pt-pt\/wp-json\/wp\/v2\/media?parent=820"}],"curies":[{"name":"wp","href":"https:\/\/api.w.org\/{rel}","templated":true}]}}