{"id":2097,"date":"2024-04-13T21:10:11","date_gmt":"2024-04-13T21:10:11","guid":{"rendered":"https:\/\/flowartink.com\/product\/print-margem-sul\/"},"modified":"2024-04-13T21:10:11","modified_gmt":"2024-04-13T21:10:11","slug":"print-margem-sul","status":"publish","type":"product","link":"https:\/\/flowartink.com\/pt-pt\/produto\/print-margem-sul\/","title":{"rendered":"Print Margem Sul"},"content":{"rendered":"<ul>\n<li>T\u00e9cnica Risogr\u00e1fica<\/li>\n<li>Paper 300g<\/li>\n<li>\u00c9 um processo de impress\u00e3o em est\u00eancil amigo do ambiente.<\/li>\n<\/ul>\n","protected":false},"excerpt":{"rendered":"<p>T\u00e9cnica Risogr\u00e1fica Paper 300g \u00c9 um processo de impress\u00e3o em est\u00eancil amigo do ambiente.<\/p>\n","protected":false},"featured_media":1062,"template":"","meta":[],"product_cat":[48],"product_tag":[],"collections":[],"class_list":{"0":"post-2097","1":"product","2":"type-product","3":"status-publish","4":"has-post-thumbnail","6":"product_cat-impressao","8":"first","9":"outofstock","10":"taxable","11":"shipping-taxable","12":"purchasable","13":"product-type-simple"},"_links":{"self":[{"href":"https:\/\/flowartink.com\/pt-pt\/wp-json\/wp\/v2\/product\/2097","targetHints":{"allow":["GET"]}}],"collection":[{"href":"https:\/\/flowartink.com\/pt-pt\/wp-json\/wp\/v2\/product"}],"about":[{"href":"https:\/\/flowartink.com\/pt-pt\/wp-json\/wp\/v2\/types\/product"}],"wp:featuredmedia":[{"embeddable":true,"href":"https:\/\/flowartink.com\/pt-pt\/wp-json\/wp\/v2\/media\/1062"}],"wp:attachment":[{"href":"https:\/\/flowartink.com\/pt-pt\/wp-json\/wp\/v2\/media?parent=2097"}],"wp:term":[{"taxonomy":"product_cat","embeddable":true,"href":"https:\/\/flowartink.com\/pt-pt\/wp-json\/wp\/v2\/product_cat?post=2097"},{"taxonomy":"product_tag","embeddable":true,"href":"https:\/\/flowartink.com\/pt-pt\/wp-json\/wp\/v2\/product_tag?post=2097"},{"taxonomy":"collections","embeddable":true,"href":"https:\/\/flowartink.com\/pt-pt\/wp-json\/wp\/v2\/collections?post=2097"}],"curies":[{"name":"wp","href":"https:\/\/api.w.org\/{rel}","templated":true}]}}