{"id":2098,"date":"2024-04-13T21:09:12","date_gmt":"2024-04-13T21:09:12","guid":{"rendered":"https:\/\/flowartink.com\/product\/print-against-the-wind\/"},"modified":"2024-04-13T21:09:12","modified_gmt":"2024-04-13T21:09:12","slug":"print-against-the-wind","status":"publish","type":"product","link":"https:\/\/flowartink.com\/pt-pt\/produto\/print-against-the-wind\/","title":{"rendered":"Print Against The Wind"},"content":{"rendered":"<ul>\n<li>T\u00e9cnica Risogr\u00e1fica<\/li>\n<li>Paper 300g<\/li>\n<li>\u00c9 um processo de impress\u00e3o em est\u00eancil amigo do ambiente.<\/li>\n<\/ul>\n","protected":false},"excerpt":{"rendered":"<p>T\u00e9cnica Risogr\u00e1fica Paper 300g \u00c9 um processo de impress\u00e3o em est\u00eancil amigo do ambiente.<\/p>\n","protected":false},"featured_media":1064,"template":"","meta":[],"product_cat":[48],"product_tag":[],"collections":[],"class_list":{"0":"post-2098","1":"product","2":"type-product","3":"status-publish","4":"has-post-thumbnail","6":"product_cat-impressao","8":"first","9":"outofstock","10":"taxable","11":"shipping-taxable","12":"purchasable","13":"product-type-simple"},"_links":{"self":[{"href":"https:\/\/flowartink.com\/pt-pt\/wp-json\/wp\/v2\/product\/2098","targetHints":{"allow":["GET"]}}],"collection":[{"href":"https:\/\/flowartink.com\/pt-pt\/wp-json\/wp\/v2\/product"}],"about":[{"href":"https:\/\/flowartink.com\/pt-pt\/wp-json\/wp\/v2\/types\/product"}],"wp:featuredmedia":[{"embeddable":true,"href":"https:\/\/flowartink.com\/pt-pt\/wp-json\/wp\/v2\/media\/1064"}],"wp:attachment":[{"href":"https:\/\/flowartink.com\/pt-pt\/wp-json\/wp\/v2\/media?parent=2098"}],"wp:term":[{"taxonomy":"product_cat","embeddable":true,"href":"https:\/\/flowartink.com\/pt-pt\/wp-json\/wp\/v2\/product_cat?post=2098"},{"taxonomy":"product_tag","embeddable":true,"href":"https:\/\/flowartink.com\/pt-pt\/wp-json\/wp\/v2\/product_tag?post=2098"},{"taxonomy":"collections","embeddable":true,"href":"https:\/\/flowartink.com\/pt-pt\/wp-json\/wp\/v2\/collections?post=2098"}],"curies":[{"name":"wp","href":"https:\/\/api.w.org\/{rel}","templated":true}]}}