{"id":2099,"date":"2024-04-13T21:07:01","date_gmt":"2024-04-13T21:07:01","guid":{"rendered":"https:\/\/flowartink.com\/product\/print-escamoso\/"},"modified":"2024-04-13T21:07:01","modified_gmt":"2024-04-13T21:07:01","slug":"print-escamoso","status":"publish","type":"product","link":"https:\/\/flowartink.com\/pt-pt\/produto\/print-escamoso\/","title":{"rendered":"Print Escamoso"},"content":{"rendered":"<ul>\n<li>T\u00e9cnica Risogr\u00e1fica<\/li>\n<li>Paper 300g<\/li>\n<li>\u00c9 um processo de impress\u00e3o em est\u00eancil amigo do ambiente.<\/li>\n<\/ul>\n","protected":false},"excerpt":{"rendered":"<p>T\u00e9cnica Risogr\u00e1fica Paper 300g \u00c9 um processo de impress\u00e3o em est\u00eancil amigo do ambiente.<\/p>\n","protected":false},"featured_media":1066,"template":"","meta":[],"product_cat":[48],"product_tag":[],"collections":[],"class_list":{"0":"post-2099","1":"product","2":"type-product","3":"status-publish","4":"has-post-thumbnail","6":"product_cat-impressao","8":"first","9":"outofstock","10":"taxable","11":"shipping-taxable","12":"purchasable","13":"product-type-simple"},"_links":{"self":[{"href":"https:\/\/flowartink.com\/pt-pt\/wp-json\/wp\/v2\/product\/2099","targetHints":{"allow":["GET"]}}],"collection":[{"href":"https:\/\/flowartink.com\/pt-pt\/wp-json\/wp\/v2\/product"}],"about":[{"href":"https:\/\/flowartink.com\/pt-pt\/wp-json\/wp\/v2\/types\/product"}],"wp:featuredmedia":[{"embeddable":true,"href":"https:\/\/flowartink.com\/pt-pt\/wp-json\/wp\/v2\/media\/1066"}],"wp:attachment":[{"href":"https:\/\/flowartink.com\/pt-pt\/wp-json\/wp\/v2\/media?parent=2099"}],"wp:term":[{"taxonomy":"product_cat","embeddable":true,"href":"https:\/\/flowartink.com\/pt-pt\/wp-json\/wp\/v2\/product_cat?post=2099"},{"taxonomy":"product_tag","embeddable":true,"href":"https:\/\/flowartink.com\/pt-pt\/wp-json\/wp\/v2\/product_tag?post=2099"},{"taxonomy":"collections","embeddable":true,"href":"https:\/\/flowartink.com\/pt-pt\/wp-json\/wp\/v2\/collections?post=2099"}],"curies":[{"name":"wp","href":"https:\/\/api.w.org\/{rel}","templated":true}]}}