{"id":2100,"date":"2024-04-13T20:00:40","date_gmt":"2024-04-13T20:00:40","guid":{"rendered":"https:\/\/flowartink.com\/product\/moletom-verde-aqua-unisex\/"},"modified":"2024-04-13T20:00:40","modified_gmt":"2024-04-13T20:00:40","slug":"moletom-verde-aqua-unisex","status":"publish","type":"product","link":"https:\/\/flowartink.com\/pt-pt\/produto\/moletom-verde-aqua-unisex\/","title":{"rendered":"Moletom Verde Aqua (Unisex)"},"content":{"rendered":"<ul>\n<li style=\"font-weight: 400;\" aria-level=\"1\"><span style=\"font-weight: 400;\">80% algod\u00e3o mais sustent\u00e1vel fiado em anel pr\u00e9-encolhido, 20% poli\u00e9ster<\/span><\/li>\n<li style=\"font-weight: 400;\" aria-level=\"1\"><span style=\"font-weight: 400;\">280 gsm<\/span><\/li>\n<li style=\"font-weight: 400;\" aria-level=\"1\"><span style=\"font-weight: 400;\">Silkscreen printing<\/span><\/li>\n<li style=\"font-weight: 400;\" aria-level=\"1\"><span style=\"font-weight: 400;\">Estilo moderno, suavidade excecional, ajuste regular.<\/span><\/li>\n<\/ul>\n<p>&nbsp;<\/p>\n<p><span style=\"font-weight: 400;\">Lave e passe do avesso, lave com cores semelhantes, lave na m\u00e1quina a 30\u00baC suavemente, n\u00e3o branqueie, n\u00e3o seque, passe a ferro a baixa temperatura, n\u00e3o limpe a seco.<\/span><\/p>\n<p>&nbsp;<\/p>\n<p><span style=\"font-weight: 400;\">Cores: Verde Aqua (no futuro Cinza)<\/span><\/p>\n","protected":false},"excerpt":{"rendered":"<p>80% algod\u00e3o mais sustent\u00e1vel fiado em anel pr\u00e9-encolhido, 20% poli\u00e9ster 280 gsm Silkscreen printing Estilo moderno, suavidade excecional, ajuste regular. &nbsp; Lave e passe do avesso, lave com cores semelhantes, lave na m\u00e1quina a 30\u00baC suavemente, n\u00e3o branqueie, n\u00e3o seque, passe a ferro a baixa temperatura, n\u00e3o limpe a seco. &nbsp; Cores: Verde Aqua (no [&hellip;]<\/p>\n","protected":false},"featured_media":1057,"template":"","meta":[],"product_cat":[49],"product_tag":[],"collections":[54],"class_list":{"0":"post-2100","1":"product","2":"type-product","3":"status-publish","4":"has-post-thumbnail","6":"product_cat-sueter","7":"collections-escamoso-pt-pt","9":"first","10":"outofstock","11":"taxable","12":"shipping-taxable","13":"purchasable","14":"product-type-variable"},"_links":{"self":[{"href":"https:\/\/flowartink.com\/pt-pt\/wp-json\/wp\/v2\/product\/2100","targetHints":{"allow":["GET"]}}],"collection":[{"href":"https:\/\/flowartink.com\/pt-pt\/wp-json\/wp\/v2\/product"}],"about":[{"href":"https:\/\/flowartink.com\/pt-pt\/wp-json\/wp\/v2\/types\/product"}],"wp:featuredmedia":[{"embeddable":true,"href":"https:\/\/flowartink.com\/pt-pt\/wp-json\/wp\/v2\/media\/1057"}],"wp:attachment":[{"href":"https:\/\/flowartink.com\/pt-pt\/wp-json\/wp\/v2\/media?parent=2100"}],"wp:term":[{"taxonomy":"product_cat","embeddable":true,"href":"https:\/\/flowartink.com\/pt-pt\/wp-json\/wp\/v2\/product_cat?post=2100"},{"taxonomy":"product_tag","embeddable":true,"href":"https:\/\/flowartink.com\/pt-pt\/wp-json\/wp\/v2\/product_tag?post=2100"},{"taxonomy":"collections","embeddable":true,"href":"https:\/\/flowartink.com\/pt-pt\/wp-json\/wp\/v2\/collections?post=2100"}],"curies":[{"name":"wp","href":"https:\/\/api.w.org\/{rel}","templated":true}]}}