{"id":2107,"date":"2024-04-13T18:33:28","date_gmt":"2024-04-13T18:33:28","guid":{"rendered":"https:\/\/flowartink.com\/product\/moletom-escamoso-feminino-rosa-claro\/"},"modified":"2024-04-13T18:33:28","modified_gmt":"2024-04-13T18:33:28","slug":"moletom-escamoso-feminino-rosa-claro","status":"publish","type":"product","link":"https:\/\/flowartink.com\/pt-pt\/produto\/moletom-escamoso-feminino-rosa-claro\/","title":{"rendered":"Moletom Escamoso Feminino Rosa Claro"},"content":{"rendered":"<ul>\n<li style=\"font-weight: 400;\" aria-level=\"1\">65% algod\u00e3o escovado, 35% poli\u00e9ster<\/li>\n<li style=\"font-weight: 400;\" aria-level=\"1\">300 gsm<\/li>\n<li style=\"font-weight: 400;\" aria-level=\"1\">Silkscreen printing<\/li>\n<li style=\"font-weight: 400;\" aria-level=\"1\">Confort\u00e1vel, ajuste de grandes dimens\u00f5es com ombros ca\u00eddos. Pesco\u00e7o redondo, manga fixada.&nbsp;<\/li>\n<li aria-level=\"1\">Lave e passe do avesso. Lave com cores semelhantes. Lavar \u00e0 m\u00e1quina a 30\u00baC num ciclo suave. N\u00e3o utilizar alvejante. N\u00e3o lavar a seco. Passar a ferro em temperatura baixa. Do not dry clean.\n<p>&nbsp;<\/li>\n<li style=\"font-weight: 400;\" aria-level=\"1\">Cores: Bege, Rosa Claro<\/li>\n<\/ul>\n","protected":false},"excerpt":{"rendered":"<p>65% algod\u00e3o escovado, 35% poli\u00e9ster 300 gsm Silkscreen printing Confort\u00e1vel, ajuste de grandes dimens\u00f5es com ombros ca\u00eddos. Pesco\u00e7o redondo, manga fixada.&nbsp; Lave e passe do avesso. Lave com cores semelhantes. Lavar \u00e0 m\u00e1quina a 30\u00baC num ciclo suave. N\u00e3o utilizar alvejante. N\u00e3o lavar a seco. Passar a ferro em temperatura baixa. Do not dry clean. [&hellip;]<\/p>\n","protected":false},"featured_media":1037,"template":"","meta":[],"product_cat":[49],"product_tag":[],"collections":[54],"class_list":{"0":"post-2107","1":"product","2":"type-product","3":"status-publish","4":"has-post-thumbnail","6":"product_cat-sueter","7":"collections-escamoso-pt-pt","9":"first","10":"outofstock","11":"taxable","12":"shipping-taxable","13":"purchasable","14":"product-type-variable"},"_links":{"self":[{"href":"https:\/\/flowartink.com\/pt-pt\/wp-json\/wp\/v2\/product\/2107","targetHints":{"allow":["GET"]}}],"collection":[{"href":"https:\/\/flowartink.com\/pt-pt\/wp-json\/wp\/v2\/product"}],"about":[{"href":"https:\/\/flowartink.com\/pt-pt\/wp-json\/wp\/v2\/types\/product"}],"wp:featuredmedia":[{"embeddable":true,"href":"https:\/\/flowartink.com\/pt-pt\/wp-json\/wp\/v2\/media\/1037"}],"wp:attachment":[{"href":"https:\/\/flowartink.com\/pt-pt\/wp-json\/wp\/v2\/media?parent=2107"}],"wp:term":[{"taxonomy":"product_cat","embeddable":true,"href":"https:\/\/flowartink.com\/pt-pt\/wp-json\/wp\/v2\/product_cat?post=2107"},{"taxonomy":"product_tag","embeddable":true,"href":"https:\/\/flowartink.com\/pt-pt\/wp-json\/wp\/v2\/product_tag?post=2107"},{"taxonomy":"collections","embeddable":true,"href":"https:\/\/flowartink.com\/pt-pt\/wp-json\/wp\/v2\/collections?post=2107"}],"curies":[{"name":"wp","href":"https:\/\/api.w.org\/{rel}","templated":true}]}}